{"id":10452,"date":"2023-12-22T11:09:18","date_gmt":"2023-12-22T11:09:18","guid":{"rendered":"https:\/\/montesinossa.com\/aviso-legal\/"},"modified":"2024-01-10T13:07:04","modified_gmt":"2024-01-10T13:07:04","slug":"aviso-legal","status":"publish","type":"page","link":"https:\/\/montesinossa.com\/en\/aviso-legal\/","title":{"rendered":"Aviso Legal"},"content":{"rendered":"\r\n<p><strong>F. JOSE MONTESINOS S.A.<\/strong> es una marca registrada. <strong>F. JOSE\u00a0<\/strong> <strong>MONTESINOS S.A.<\/strong> se reserva todos los derechos de su titularidad protegidos por propiedad intelectual e industrial incluidos en el presente sitio web de su propiedad, esto es a modo ejemplificativo, pero no limitativo: textos, im\u00e1genes, dise\u00f1o gr\u00e1fico, marcas, estructura de navegaci\u00f3n, informaci\u00f3n y contenidos. Corresponde a <strong>F. JOSE <\/strong><strong>MONTESINOS S.A.<\/strong> en exclusiva el ejercicio de los derechos de explotaci\u00f3n de los mismos en cualquier forma y, en especial, los derechos de reproducci\u00f3n, distribuci\u00f3n, comunicaci\u00f3n p\u00fablica y transformaci\u00f3n, de conformidad con la legislaci\u00f3n espa\u00f1ola de derechos de propiedad intelectual e industrial.<\/p>\r\n<p>El sitio web de <strong>F. JOSE<\/strong> <strong>MONTESINOS S.A.<\/strong> puede contener asimismo textos, im\u00e1genes, dise\u00f1os gr\u00e1ficos o marcas titularidad de terceras personas como por ejemplo uno de nuestros apartados de citas y frases c\u00e9lebres para los cuales corresponder\u00e1 a cada uno de sus titulares en exclusiva el ejercicio de los derechos de explotaci\u00f3n de los mismos en cualquier forma. Se considerar\u00e1n contenidos de terceros todos aquellos que se identifiquen como tales. Si tienes dudas o adviertes contenido il\u00edcito, rogamos nos lo hagas saber escribi\u00e9ndonos a montesinossa@montesinossa.com<\/p>\r\n<p>De conocerse alg\u00fan tipo de infracci\u00f3n, el contenido se eliminar\u00e1 inmediatamente.<\/p>\r\n<p>Se permite el uso de hiperv\u00ednculos a esta web y la utilizaci\u00f3n o reproducci\u00f3n, total o parcial, sin \u00e1nimo de lucro, de sus contenidos siempre que se haga constar la fuente y se incluya un hiperv\u00ednculo a esta web, y en los casos permitidos en los art\u00edculos 31 a 34 de la Ley de Propiedad Intelectual (Real Decreto Legislativo 1\/1996, de 12 de abril). Queda prohibido el uso de marcos (frames) o cualesquiera otros mecanismos destinados a ocultar el origen o fuente de los contenidos, cualquier uso, transformaci\u00f3n o explotaci\u00f3n de los mismos con finalidades comerciales, promocionales o contrarias a la ley, moral u orden p\u00fablico, que pudiera lesionar los intereses o perjudicar la imagen del Titular o de terceros leg\u00edtimos, que constituyan competencia desleal o, en general, en contra de lo dispuesto en estas Condiciones de Uso.<\/p>\r\n<p>Las presentes condiciones generales no regulan el suministro de servicios o la venta de productos realizados por terceros que utilicen enlaces directos al sitio web F. JOSE<strong>MONTESINOS S.A.<\/strong> a trav\u00e9s de banners u otros v\u00ednculos de hipertexto\/enlaces. Antes de enviar pedidos y de comprar productos y servicios a estos terceros, te recomendamos que compruebes sus t\u00e9rminos y condiciones generales de venta. <strong>F. JOSE <\/strong><strong>MONTESINOS S.A.<\/strong>\u00a0no asume en ning\u00fan caso responsabilidades por el suministro de servicios prometidos por terceros o por la ejecuci\u00f3n de transacciones de comercio electr\u00f3nico entre los usuarios y dichos terceros.<\/p>\r\n<p><strong>F. JOSE<\/strong> <strong>MONTESINOS S.A.<\/strong>\u00a0 ha adecuado esta web a las exigencias de la Ley Org\u00e1nica 15\/1999, de 13 de diciembre, de Protecci\u00f3n de Datos de Car\u00e1cter Personal (LOPD), y al Real Decreto 1720\/2007, de 21 de diciembre, conocido como el Reglamento de desarrollo de la LOPD. Cumple tambi\u00e9n con el Reglamento (UE) 2016\/679 del Parlamento Europeo y del Consejo de 27 de abril de 2016 relativo a la protecci\u00f3n de las personas f\u00edsicas (RGPD), as\u00ed como con la Ley 34\/2002, de 11 de julio, de Servicios de la Sociedad de la Informaci\u00f3n y Comercio Electr\u00f3nico (LSSICE o LSSI). A Continuaci\u00f3n <strong>F. JOSE <\/strong><strong>MONTESINOS S.A.<\/strong>\u00a0informa de los siguientes datos:<\/p>\r\n<p><strong>El titular de este sitio web es: F. Jos\u00e9 Montesinos S.A.<\/strong><br \/><strong>CIF: A46131462<\/strong><br \/><strong>Domicilio social:\u00a0C\/ISLAS BALEARES, 32 ,<\/strong> <strong>POL. IND. FUENTE DEL JARRO, 46988 &#8211; PATERNA<\/strong><br \/><strong>Email: montesinossa@montesinossa.com<\/strong><br \/><strong>WEB\u00a0montesinossa.com<\/strong><\/p>\r\n<p><strong>Responsabilidad<\/strong><\/p>\r\n<p><strong>F. JOSE MONTESINOS S.A.<\/strong> se exime de cualquier tipo de responsabilidad derivada de la informaci\u00f3n publicada en su sitio web, siempre que esta informaci\u00f3n haya sido manipulada o introducida por un tercero ajeno al mismo.<\/p>\r\n<p>Desde el sitio web del cliente es posible que se redirija a contenidos de terceros sitios web. Dado que <strong>F. JOSE<\/strong> <strong>MONTESINOS S.A.<\/strong> no puede controlar siempre los contenidos introducidos por los terceros en sus sitios web, \u00e9ste no asume ning\u00fan tipo de responsabilidad respecto a dichos contenidos. En todo caso, <strong>F. JOSE<\/strong> <strong>MONTESINOS S.A.<\/strong> manifiesta que proceder\u00e1 a la retirada inmediata de cualquier contenido que pudiera contravenir la legislaci\u00f3n nacional o internacional, la moral o el orden p\u00fablico, procediendo a la retirada inmediata de la redirecci\u00f3n a dicho sitio web, poniendo en conocimiento de las autoridades competentes el contenido en cuesti\u00f3n.<\/p>\r\n<p><strong>F. JOSE MONTESINOS S.A.<\/strong> no se hace responsable de la informaci\u00f3n y contenidos almacenados, a t\u00edtulo enunciativo, pero no limitativo, en foros, chats, generadores de blogs, comentarios, redes sociales o cualquier otro medio que permita a terceros publicar contenidos de forma independiente en la p\u00e1gina web del prestador. No obstante, y en cumplimiento de lo dispuesto en el art. 11 y 16 de la LSSI-CE, el prestador se pone a disposici\u00f3n de todos los usuarios, Autoridades y Fuerzas de Seguridad, y colaborando de forma activa en la retirada o en su caso bloqueo de todos aquellos contenidos que pudieran afectar o contravenir la legislaci\u00f3n nacional, o internacional, derechos de terceros o la moral y el orden p\u00fablico. En caso de que el usuario considere que existe en el sitio web alg\u00fan contenido que pudiera ser susceptible de esta clasificaci\u00f3n, se ruega lo notifique de forma inmediata al administrador del sitio web.<\/p>\r\n<p>Este sitio web ha sido revisado y probado para que funcione correctamente. En principio, puede garantizarse el correcto funcionamiento los 365 d\u00edas del a\u00f1o, 24 horas al d\u00eda. No obstante, <strong>F. JOSE <\/strong><strong>MONTESINOS S.A.<\/strong> no descarta la posibilidad de que existan ciertos errores de programaci\u00f3n, o que acontezcan causas de fuerza mayor, cat\u00e1strofes naturales, huelgas, o circunstancias semejantes que hagan imposible el acceso a la p\u00e1gina web.<br \/>Independientemente de la finalidad para la que fueran destinados, la reproducci\u00f3n total o parcial, uso, explotaci\u00f3n, distribuci\u00f3n y comercializaci\u00f3n, requiere en todo caso de la autorizaci\u00f3n escrita previa por parte de <strong>F. JOSE <\/strong><strong>MONTESINOS S.A.<\/strong> Cualquier uso no autorizado previamente por parte de <strong>F. JOSE <\/strong><strong>MONTESINOS S.A.<\/strong> ser\u00e1 considerado un incumplimiento grave de los derechos de propiedad intelectual o industrial del autor.<br \/>Los dise\u00f1os, logotipos, texto y\/o gr\u00e1ficos ajenos a <strong>F. JOSE <\/strong><strong>MONTESINOS S.A.<\/strong> y que pudieran aparecer en el sitio web, pertenecen a sus respectivos propietarios, siendo ellos mismos responsables de cualquier posible controversia que pudiera suscitarse respecto a los mismos. En todo caso, <strong>F. JOSE <\/strong><strong>MONTESINOS S.A.<\/strong> cuenta con la autorizaci\u00f3n expresa y previa por parte de los mismos.<\/p>\r\n<p><strong>F. JOSE MONTESINOS S.A.<\/strong> reconoce a favor de sus titulares los correspondientes derechos de propiedad industrial e intelectual, no implicando la necesidad de menci\u00f3n o aparici\u00f3n en el sitio web la existencia de derechos o responsabilidad alguna de F. JOSE MONTESINOS S.A. sobre los mismos, como tampoco respaldo, patrocinio o recomendaci\u00f3n por parte del mismo.<\/p>\r\n<p><strong>Ley Aplicable y Jurisdicci\u00f3n<\/strong><br \/>Para la resoluci\u00f3n de todas las controversias o cuestiones relacionadas con el presente sitio web o de las actividades en \u00e9l desarrolladas, ser\u00e1 de aplicaci\u00f3n la legislaci\u00f3n espa\u00f1ola, a la que se someten expresamente las partes, siendo competentes para la resoluci\u00f3n de todos los conflictos derivados o relacionados con su uso los Juzgados y Tribunales de\u00a0Madrid.<\/p>\r\n<p><strong>Usuarios<\/strong><br \/>El acceso y\/o uso de este portal atribuye la condici\u00f3n de USUARIO, que acepta, desde dicho acceso y\/o uso, las Condiciones Generales de Uso aqu\u00ed reflejadas. Las citadas Condiciones ser\u00e1n de aplicaci\u00f3n independientemente de las Condiciones Generales de Contrataci\u00f3n que en su caso resulten de obligado cumplimiento.<\/p>\r\n<p><strong>F. JOSE MONTESINOS S.A.<\/strong> pone a disposici\u00f3n de los usuarios la Pol\u00edtica de privacidad de la entidad tambi\u00e9n puedes consultar nuestra pol\u00edtica de Cookies, Condiciones generales, adem\u00e1s si tienes dudas consulta nuestro FAQ (preguntas frecuentes) podr\u00e1s encontrar respuestas a las principales preguntas, otra p\u00e1gina de inter\u00e9s es nuestras formas de pago sin olvidar nuestra p\u00e1ginas de gastos de env\u00edo, pol\u00edtica de devoluciones y plazos de entrega, en caso de seguir con dudas cons\u00faltanos por Email.<\/p>\r\n<p><strong>Exclusi\u00f3n de garant\u00edas y responsabilidad<\/strong><br \/><strong>F. JOSE MONTESINOS S.A.<\/strong> no se hace responsable, en ning\u00fan caso, de los da\u00f1os y perjuicios de cualquier naturaleza que pudieran ocasionar, a t\u00edtulo enunciativo: errores u omisiones en los contenidos, falta de disponibilidad del portal o la transmisi\u00f3n de virus o programas maliciosos o lesivos en los contenidos, a pesar de haber adoptado todas las medidas tecnol\u00f3gicas necesarias para evitarlo.<\/p>\r\n<p><strong>Modificaciones<\/strong><br \/><strong>F. JOSE MONTESINOS S.A.<\/strong> se reserva el derecho de efectuar sin previo aviso las modificaciones que considere oportunas en su portal, pudiendo cambiar, suprimir o a\u00f1adir tanto los contenidos y servicios que se presten a trav\u00e9s de la misma como la forma en la que \u00e9stos aparezcan presentados o localizados en su portal. <strong>F. JOSE <\/strong><strong>MONTESINOS S.A.<\/strong> se reserva el derecho a modificar precios o anular pedidos si considera que hay errores en los precios o alg\u00fan fallo que se hab\u00eda pasado por alto anteriormente.<\/p>\r\n<p><strong>Enlaces<\/strong><br \/>En el caso de que en nombre del dominio se dispusiesen enlaces o hiperv\u00ednculos hac\u00eda otros sitios de Internet,<\/p>\r\n<p><strong>F. JOSE MONTESINOS S.A.<\/strong> no ejercer\u00e1 ning\u00fan tipo de control sobre dichos sitios y contenidos. En ning\u00fan caso <strong>F. JOSE <\/strong><strong>MONTESINOS S.A.<\/strong> asumir\u00e1 responsabilidad alguna por los contenidos de alg\u00fan enlace perteneciente a un sitio web ajeno, ni garantizar\u00e1 la disponibilidad t\u00e9cnica, calidad, fiabilidad, exactitud, amplitud, veracidad, validez y constitucionalidad de cualquier material o informaci\u00f3n contenida en ninguno de dichos hiperv\u00ednculos u otros sitios de Internet. Igualmente, la inclusi\u00f3n de estas conexiones externas no implicar\u00e1 ning\u00fan tipo de asociaci\u00f3n, fusi\u00f3n o participaci\u00f3n con las entidades conectadas.<\/p>\r\n<p><strong>Derechos de Exclusi\u00f3n<\/strong><br \/><strong>F. JOSE MONTESINOS S.A.<\/strong> se reserva el derecho a denegar o retirar el acceso a portal y\/o los servicios ofrecidos sin necesidad de preaviso, a instancia propia o de un tercero, a aquellos usuarios que incumplan las Condiciones Generales de Uso.<\/p>\r\n<p><strong>Generalidades<\/strong><br \/><strong>F. JOSE MONTESINOS S.A.<\/strong> perseguir\u00e1 el incumplimiento de las condiciones, as\u00ed como cualquier utilizaci\u00f3n indebida de su portal ejerciendo todas las acciones civiles y penales que le puedan corresponder en derecho.<\/p>\r\n<p>Modificaci\u00f3n de las presentes condiciones y duraci\u00f3n<br \/><strong>F. JOSE MONTESINOS S.A.<\/strong> podr\u00e1 modificar en cualquier momento las condiciones aqu\u00ed determinadas, siendo debidamente publicadas como aqu\u00ed aparecen.<\/p>\r\n<p>La relaci\u00f3n entre <strong>F. JOSE <\/strong><strong>MONTESINOS S.A.<\/strong> y el USUARIO se regir\u00e1 por la normativa espa\u00f1ola vigente y cualquier controversia se someter\u00e1 a los Juzgados y Tribunales de Madrid.<\/p>\r\n<p>Informaci\u00f3n relacionada con la resoluci\u00f3n de disputa en l\u00ednea del Art. 14, p\u00e1rr. 1 del ODR (Regulaci\u00f3n de resoluci\u00f3n de disputa en l\u00ednea):<\/p>\r\n<p>La Comisi\u00f3n Europea ofrece a los consumidores la oportunidad de resolver disputas en l\u00ednea conforme al Art. 14, p\u00e1rr. 1 del ODR en una de sus plataformas. La plataforma (http:\/\/ec.europa.eu\/consumers\/odr) sirve como web en la que los consumidores pueden intentar llegar a acuerdos sin ir a juicio relacionados con las disputas que surjan en las compras y contratos de servicios en l\u00ednea.<\/p>\r\n","protected":false},"excerpt":{"rendered":"<p>F. JOSE MONTESINOS S.A. es una marca registrada. F. JOSE\u00a0 [&hellip;]<\/p>\n","protected":false},"author":1,"featured_media":10198,"parent":0,"menu_order":0,"comment_status":"closed","ping_status":"closed","template":"","meta":{"footnotes":""},"class_list":["post-10452","page","type-page","status-publish","has-post-thumbnail","hentry"],"yoast_head":"<!-- This site is optimized with the Yoast SEO plugin v26.1.1 - https:\/\/yoast.com\/wordpress\/plugins\/seo\/ -->\n<title>Aviso Legal - F. Jose Montesinos S.A.<\/title>\n<meta name=\"robots\" content=\"index, follow, max-snippet:-1, max-image-preview:large, max-video-preview:-1\" \/>\n<link rel=\"canonical\" href=\"https:\/\/montesinossa.com\/aviso-legal\/\" \/>\n<meta property=\"og:locale\" content=\"en_US\" \/>\n<meta property=\"og:type\" content=\"article\" \/>\n<meta property=\"og:title\" content=\"Aviso Legal - F. Jose Montesinos S.A.\" \/>\n<meta property=\"og:description\" content=\"F. JOSE MONTESINOS S.A. es una marca registrada. F. JOSE\u00a0 [&hellip;]\" \/>\n<meta property=\"og:url\" content=\"https:\/\/montesinossa.com\/aviso-legal\/\" \/>\n<meta property=\"og:site_name\" content=\"F. Jose Montesinos S.A.\" \/>\n<meta property=\"article:modified_time\" content=\"2024-01-10T13:07:04+00:00\" \/>\n<meta property=\"og:image\" content=\"https:\/\/montesinossa.com\/wp-content\/uploads\/2023\/12\/contacto1.jpg\" \/>\n\t<meta property=\"og:image:width\" content=\"1464\" \/>\n\t<meta property=\"og:image:height\" content=\"576\" \/>\n\t<meta property=\"og:image:type\" content=\"image\/jpeg\" \/>\n<meta name=\"twitter:card\" content=\"summary_large_image\" \/>\n<meta name=\"twitter:label1\" content=\"Est. reading time\" \/>\n\t<meta name=\"twitter:data1\" content=\"10 minutes\" \/>\n<script type=\"application\/ld+json\" class=\"yoast-schema-graph\">{\"@context\":\"https:\/\/schema.org\",\"@graph\":[{\"@type\":\"WebPage\",\"@id\":\"https:\/\/montesinossa.com\/aviso-legal\/\",\"url\":\"https:\/\/montesinossa.com\/aviso-legal\/\",\"name\":\"Aviso Legal - F. Jose Montesinos S.A.\",\"isPartOf\":{\"@id\":\"https:\/\/montesinossa.com\/en\/#website\"},\"primaryImageOfPage\":{\"@id\":\"https:\/\/montesinossa.com\/aviso-legal\/#primaryimage\"},\"image\":{\"@id\":\"https:\/\/montesinossa.com\/aviso-legal\/#primaryimage\"},\"thumbnailUrl\":\"https:\/\/montesinossa.com\/wp-content\/uploads\/2023\/12\/contacto1.jpg\",\"datePublished\":\"2023-12-22T11:09:18+00:00\",\"dateModified\":\"2024-01-10T13:07:04+00:00\",\"breadcrumb\":{\"@id\":\"https:\/\/montesinossa.com\/aviso-legal\/#breadcrumb\"},\"inLanguage\":\"en-US\",\"potentialAction\":[{\"@type\":\"ReadAction\",\"target\":[\"https:\/\/montesinossa.com\/aviso-legal\/\"]}]},{\"@type\":\"ImageObject\",\"inLanguage\":\"en-US\",\"@id\":\"https:\/\/montesinossa.com\/aviso-legal\/#primaryimage\",\"url\":\"https:\/\/montesinossa.com\/wp-content\/uploads\/2023\/12\/contacto1.jpg\",\"contentUrl\":\"https:\/\/montesinossa.com\/wp-content\/uploads\/2023\/12\/contacto1.jpg\",\"width\":1464,\"height\":576},{\"@type\":\"BreadcrumbList\",\"@id\":\"https:\/\/montesinossa.com\/aviso-legal\/#breadcrumb\",\"itemListElement\":[{\"@type\":\"ListItem\",\"position\":1,\"name\":\"Home\",\"item\":\"https:\/\/montesinossa.com\/en\/\"},{\"@type\":\"ListItem\",\"position\":2,\"name\":\"Aviso Legal\"}]},{\"@type\":\"WebSite\",\"@id\":\"https:\/\/montesinossa.com\/en\/#website\",\"url\":\"https:\/\/montesinossa.com\/en\/\",\"name\":\"F. Jose Montesinos S.A.\",\"description\":\"Componentes met\u00e1licos decorativos\",\"potentialAction\":[{\"@type\":\"SearchAction\",\"target\":{\"@type\":\"EntryPoint\",\"urlTemplate\":\"https:\/\/montesinossa.com\/en\/?s={search_term_string}\"},\"query-input\":{\"@type\":\"PropertyValueSpecification\",\"valueRequired\":true,\"valueName\":\"search_term_string\"}}],\"inLanguage\":\"en-US\"}]}<\/script>\n<!-- \/ Yoast SEO plugin. -->","yoast_head_json":{"title":"Aviso Legal - F. Jose Montesinos S.A.","robots":{"index":"index","follow":"follow","max-snippet":"max-snippet:-1","max-image-preview":"max-image-preview:large","max-video-preview":"max-video-preview:-1"},"canonical":"https:\/\/montesinossa.com\/aviso-legal\/","og_locale":"en_US","og_type":"article","og_title":"Aviso Legal - F. Jose Montesinos S.A.","og_description":"F. JOSE MONTESINOS S.A. es una marca registrada. F. JOSE\u00a0 [&hellip;]","og_url":"https:\/\/montesinossa.com\/aviso-legal\/","og_site_name":"F. Jose Montesinos S.A.","article_modified_time":"2024-01-10T13:07:04+00:00","og_image":[{"width":1464,"height":576,"url":"https:\/\/montesinossa.com\/wp-content\/uploads\/2023\/12\/contacto1.jpg","type":"image\/jpeg"}],"twitter_card":"summary_large_image","twitter_misc":{"Est. reading time":"10 minutes"},"schema":{"@context":"https:\/\/schema.org","@graph":[{"@type":"WebPage","@id":"https:\/\/montesinossa.com\/aviso-legal\/","url":"https:\/\/montesinossa.com\/aviso-legal\/","name":"Aviso Legal - F. Jose Montesinos S.A.","isPartOf":{"@id":"https:\/\/montesinossa.com\/en\/#website"},"primaryImageOfPage":{"@id":"https:\/\/montesinossa.com\/aviso-legal\/#primaryimage"},"image":{"@id":"https:\/\/montesinossa.com\/aviso-legal\/#primaryimage"},"thumbnailUrl":"https:\/\/montesinossa.com\/wp-content\/uploads\/2023\/12\/contacto1.jpg","datePublished":"2023-12-22T11:09:18+00:00","dateModified":"2024-01-10T13:07:04+00:00","breadcrumb":{"@id":"https:\/\/montesinossa.com\/aviso-legal\/#breadcrumb"},"inLanguage":"en-US","potentialAction":[{"@type":"ReadAction","target":["https:\/\/montesinossa.com\/aviso-legal\/"]}]},{"@type":"ImageObject","inLanguage":"en-US","@id":"https:\/\/montesinossa.com\/aviso-legal\/#primaryimage","url":"https:\/\/montesinossa.com\/wp-content\/uploads\/2023\/12\/contacto1.jpg","contentUrl":"https:\/\/montesinossa.com\/wp-content\/uploads\/2023\/12\/contacto1.jpg","width":1464,"height":576},{"@type":"BreadcrumbList","@id":"https:\/\/montesinossa.com\/aviso-legal\/#breadcrumb","itemListElement":[{"@type":"ListItem","position":1,"name":"Home","item":"https:\/\/montesinossa.com\/en\/"},{"@type":"ListItem","position":2,"name":"Aviso Legal"}]},{"@type":"WebSite","@id":"https:\/\/montesinossa.com\/en\/#website","url":"https:\/\/montesinossa.com\/en\/","name":"F. Jose Montesinos S.A.","description":"Componentes met\u00e1licos decorativos","potentialAction":[{"@type":"SearchAction","target":{"@type":"EntryPoint","urlTemplate":"https:\/\/montesinossa.com\/en\/?s={search_term_string}"},"query-input":{"@type":"PropertyValueSpecification","valueRequired":true,"valueName":"search_term_string"}}],"inLanguage":"en-US"}]}},"_links":{"self":[{"href":"https:\/\/montesinossa.com\/en\/wp-json\/wp\/v2\/pages\/10452","targetHints":{"allow":["GET"]}}],"collection":[{"href":"https:\/\/montesinossa.com\/en\/wp-json\/wp\/v2\/pages"}],"about":[{"href":"https:\/\/montesinossa.com\/en\/wp-json\/wp\/v2\/types\/page"}],"author":[{"embeddable":true,"href":"https:\/\/montesinossa.com\/en\/wp-json\/wp\/v2\/users\/1"}],"replies":[{"embeddable":true,"href":"https:\/\/montesinossa.com\/en\/wp-json\/wp\/v2\/comments?post=10452"}],"version-history":[{"count":0,"href":"https:\/\/montesinossa.com\/en\/wp-json\/wp\/v2\/pages\/10452\/revisions"}],"wp:featuredmedia":[{"embeddable":true,"href":"https:\/\/montesinossa.com\/en\/wp-json\/wp\/v2\/media\/10198"}],"wp:attachment":[{"href":"https:\/\/montesinossa.com\/en\/wp-json\/wp\/v2\/media?parent=10452"}],"curies":[{"name":"wp","href":"https:\/\/api.w.org\/{rel}","templated":true}]}}