{"id":10521,"date":"2023-12-12T15:54:34","date_gmt":"2023-12-12T15:54:34","guid":{"rendered":"https:\/\/montesinossa.com\/producto\/moldura-10-896-1\/"},"modified":"2023-12-12T15:54:34","modified_gmt":"2023-12-12T15:54:34","slug":"moldura-10-896-1","status":"publish","type":"product","link":"https:\/\/montesinossa.com\/en\/producto\/moldura-10-896-1\/","title":{"rendered":"MOLDURA &#8211; 10.896\/1"},"content":{"rendered":"<p>Nuestras molduras de alta calidad est\u00e1n dise\u00f1adas para a\u00f1adir un toque distintivo y elegante a tus espacios. Cada pieza es una expresi\u00f3n de calidad y sofisticaci\u00f3n, permiti\u00e9ndote personalizar tus interiores con detalles \u00fanicos. <\/p>\n","protected":false},"excerpt":{"rendered":"<p>Molduras elegantes para realzar tus espacios con estilo.<\/p>\n","protected":false},"featured_media":10136,"comment_status":"open","ping_status":"closed","template":"","meta":[],"product_cat":[103],"product_tag":[122,123,124,125,126,127,128,129,130],"class_list":{"0":"post-10521","1":"product","2":"type-product","3":"status-publish","4":"has-post-thumbnail","6":"product_cat-moldings","7":"product_tag-decoracion-con-molduras-en","8":"product_tag-detalles-sofisticados-en","9":"product_tag-elementos-de-diseno-en","10":"product_tag-espacios-en","11":"product_tag-molduras-de-calidad-en","12":"product_tag-molduras-elegantes-en","13":"product_tag-molduras-versatiles-en","14":"product_tag-personaliza-tus-en","15":"product_tag-toques-de-estilo-en","17":"first","18":"instock","19":"shipping-taxable","20":"purchasable","21":"product-type-simple"},"yoast_head":"<!-- This site is optimized with the Yoast SEO plugin v26.1.1 - https:\/\/yoast.com\/wordpress\/plugins\/seo\/ -->\n<title>MOLDURA - 10.896\/1 - F. Jose Montesinos S.A.<\/title>\n<meta name=\"robots\" content=\"index, follow, max-snippet:-1, max-image-preview:large, max-video-preview:-1\" \/>\n<link rel=\"canonical\" href=\"https:\/\/montesinossa.com\/en\/producto\/moldura-10-896-1\/\" \/>\n<meta property=\"og:locale\" content=\"en_US\" \/>\n<meta property=\"og:type\" content=\"article\" \/>\n<meta property=\"og:title\" content=\"MOLDURA - 10.896\/1 - F. Jose Montesinos S.A.\" \/>\n<meta property=\"og:description\" content=\"Molduras elegantes para realzar tus espacios con estilo.\" \/>\n<meta property=\"og:url\" content=\"https:\/\/montesinossa.com\/en\/producto\/moldura-10-896-1\/\" \/>\n<meta property=\"og:site_name\" content=\"F. Jose Montesinos S.A.\" \/>\n<meta property=\"og:image\" content=\"https:\/\/montesinossa.com\/wp-content\/uploads\/2023\/12\/image_0.61883900201326378731.jpg\" \/>\n\t<meta property=\"og:image:width\" content=\"787\" \/>\n\t<meta property=\"og:image:height\" content=\"604\" \/>\n\t<meta property=\"og:image:type\" content=\"image\/jpeg\" \/>\n<meta name=\"twitter:card\" content=\"summary_large_image\" \/>\n<script type=\"application\/ld+json\" class=\"yoast-schema-graph\">{\"@context\":\"https:\/\/schema.org\",\"@graph\":[{\"@type\":\"WebPage\",\"@id\":\"https:\/\/montesinossa.com\/en\/producto\/moldura-10-896-1\/\",\"url\":\"https:\/\/montesinossa.com\/en\/producto\/moldura-10-896-1\/\",\"name\":\"MOLDURA - 10.896\/1 - F. Jose Montesinos S.A.\",\"isPartOf\":{\"@id\":\"https:\/\/montesinossa.com\/en\/#website\"},\"primaryImageOfPage\":{\"@id\":\"https:\/\/montesinossa.com\/en\/producto\/moldura-10-896-1\/#primaryimage\"},\"image\":{\"@id\":\"https:\/\/montesinossa.com\/en\/producto\/moldura-10-896-1\/#primaryimage\"},\"thumbnailUrl\":\"https:\/\/montesinossa.com\/wp-content\/uploads\/2023\/12\/image_0.61883900201326378731.jpg\",\"datePublished\":\"2023-12-12T15:54:34+00:00\",\"breadcrumb\":{\"@id\":\"https:\/\/montesinossa.com\/en\/producto\/moldura-10-896-1\/#breadcrumb\"},\"inLanguage\":\"en-US\",\"potentialAction\":[{\"@type\":\"ReadAction\",\"target\":[\"https:\/\/montesinossa.com\/en\/producto\/moldura-10-896-1\/\"]}]},{\"@type\":\"ImageObject\",\"inLanguage\":\"en-US\",\"@id\":\"https:\/\/montesinossa.com\/en\/producto\/moldura-10-896-1\/#primaryimage\",\"url\":\"https:\/\/montesinossa.com\/wp-content\/uploads\/2023\/12\/image_0.61883900201326378731.jpg\",\"contentUrl\":\"https:\/\/montesinossa.com\/wp-content\/uploads\/2023\/12\/image_0.61883900201326378731.jpg\",\"width\":787,\"height\":604},{\"@type\":\"BreadcrumbList\",\"@id\":\"https:\/\/montesinossa.com\/en\/producto\/moldura-10-896-1\/#breadcrumb\",\"itemListElement\":[{\"@type\":\"ListItem\",\"position\":1,\"name\":\"Home\",\"item\":\"https:\/\/montesinossa.com\/en\/\"},{\"@type\":\"ListItem\",\"position\":2,\"name\":\"Products\",\"item\":\"https:\/\/montesinossa.com\/shop\/\"},{\"@type\":\"ListItem\",\"position\":3,\"name\":\"MOLDURA &#8211; 10.896\/1\"}]},{\"@type\":\"WebSite\",\"@id\":\"https:\/\/montesinossa.com\/en\/#website\",\"url\":\"https:\/\/montesinossa.com\/en\/\",\"name\":\"F. Jose Montesinos S.A.\",\"description\":\"Componentes met\u00e1licos decorativos\",\"potentialAction\":[{\"@type\":\"SearchAction\",\"target\":{\"@type\":\"EntryPoint\",\"urlTemplate\":\"https:\/\/montesinossa.com\/en\/?s={search_term_string}\"},\"query-input\":{\"@type\":\"PropertyValueSpecification\",\"valueRequired\":true,\"valueName\":\"search_term_string\"}}],\"inLanguage\":\"en-US\"}]}<\/script>\n<!-- \/ Yoast SEO plugin. -->","yoast_head_json":{"title":"MOLDURA - 10.896\/1 - F. Jose Montesinos S.A.","robots":{"index":"index","follow":"follow","max-snippet":"max-snippet:-1","max-image-preview":"max-image-preview:large","max-video-preview":"max-video-preview:-1"},"canonical":"https:\/\/montesinossa.com\/en\/producto\/moldura-10-896-1\/","og_locale":"en_US","og_type":"article","og_title":"MOLDURA - 10.896\/1 - F. Jose Montesinos S.A.","og_description":"Molduras elegantes para realzar tus espacios con estilo.","og_url":"https:\/\/montesinossa.com\/en\/producto\/moldura-10-896-1\/","og_site_name":"F. Jose Montesinos S.A.","og_image":[{"width":787,"height":604,"url":"https:\/\/montesinossa.com\/wp-content\/uploads\/2023\/12\/image_0.61883900201326378731.jpg","type":"image\/jpeg"}],"twitter_card":"summary_large_image","schema":{"@context":"https:\/\/schema.org","@graph":[{"@type":"WebPage","@id":"https:\/\/montesinossa.com\/en\/producto\/moldura-10-896-1\/","url":"https:\/\/montesinossa.com\/en\/producto\/moldura-10-896-1\/","name":"MOLDURA - 10.896\/1 - F. Jose Montesinos S.A.","isPartOf":{"@id":"https:\/\/montesinossa.com\/en\/#website"},"primaryImageOfPage":{"@id":"https:\/\/montesinossa.com\/en\/producto\/moldura-10-896-1\/#primaryimage"},"image":{"@id":"https:\/\/montesinossa.com\/en\/producto\/moldura-10-896-1\/#primaryimage"},"thumbnailUrl":"https:\/\/montesinossa.com\/wp-content\/uploads\/2023\/12\/image_0.61883900201326378731.jpg","datePublished":"2023-12-12T15:54:34+00:00","breadcrumb":{"@id":"https:\/\/montesinossa.com\/en\/producto\/moldura-10-896-1\/#breadcrumb"},"inLanguage":"en-US","potentialAction":[{"@type":"ReadAction","target":["https:\/\/montesinossa.com\/en\/producto\/moldura-10-896-1\/"]}]},{"@type":"ImageObject","inLanguage":"en-US","@id":"https:\/\/montesinossa.com\/en\/producto\/moldura-10-896-1\/#primaryimage","url":"https:\/\/montesinossa.com\/wp-content\/uploads\/2023\/12\/image_0.61883900201326378731.jpg","contentUrl":"https:\/\/montesinossa.com\/wp-content\/uploads\/2023\/12\/image_0.61883900201326378731.jpg","width":787,"height":604},{"@type":"BreadcrumbList","@id":"https:\/\/montesinossa.com\/en\/producto\/moldura-10-896-1\/#breadcrumb","itemListElement":[{"@type":"ListItem","position":1,"name":"Home","item":"https:\/\/montesinossa.com\/en\/"},{"@type":"ListItem","position":2,"name":"Products","item":"https:\/\/montesinossa.com\/shop\/"},{"@type":"ListItem","position":3,"name":"MOLDURA &#8211; 10.896\/1"}]},{"@type":"WebSite","@id":"https:\/\/montesinossa.com\/en\/#website","url":"https:\/\/montesinossa.com\/en\/","name":"F. Jose Montesinos S.A.","description":"Componentes met\u00e1licos decorativos","potentialAction":[{"@type":"SearchAction","target":{"@type":"EntryPoint","urlTemplate":"https:\/\/montesinossa.com\/en\/?s={search_term_string}"},"query-input":{"@type":"PropertyValueSpecification","valueRequired":true,"valueName":"search_term_string"}}],"inLanguage":"en-US"}]}},"_links":{"self":[{"href":"https:\/\/montesinossa.com\/en\/wp-json\/wp\/v2\/product\/10521","targetHints":{"allow":["GET"]}}],"collection":[{"href":"https:\/\/montesinossa.com\/en\/wp-json\/wp\/v2\/product"}],"about":[{"href":"https:\/\/montesinossa.com\/en\/wp-json\/wp\/v2\/types\/product"}],"replies":[{"embeddable":true,"href":"https:\/\/montesinossa.com\/en\/wp-json\/wp\/v2\/comments?post=10521"}],"wp:featuredmedia":[{"embeddable":true,"href":"https:\/\/montesinossa.com\/en\/wp-json\/wp\/v2\/media\/10136"}],"wp:attachment":[{"href":"https:\/\/montesinossa.com\/en\/wp-json\/wp\/v2\/media?parent=10521"}],"wp:term":[{"taxonomy":"product_cat","embeddable":true,"href":"https:\/\/montesinossa.com\/en\/wp-json\/wp\/v2\/product_cat?post=10521"},{"taxonomy":"product_tag","embeddable":true,"href":"https:\/\/montesinossa.com\/en\/wp-json\/wp\/v2\/product_tag?post=10521"}],"curies":[{"name":"wp","href":"https:\/\/api.w.org\/{rel}","templated":true}]}}