{"id":10635,"date":"2023-12-12T12:10:41","date_gmt":"2023-12-12T12:10:41","guid":{"rendered":"https:\/\/montesinossa.com\/producto\/cinta-2109-44x16x15\/"},"modified":"2024-01-08T09:42:57","modified_gmt":"2024-01-08T09:42:57","slug":"cinta-2109-44x16x15","status":"publish","type":"product","link":"https:\/\/montesinossa.com\/en\/producto\/cinta-2109-44x16x15\/","title":{"rendered":"CINTA &#8211; 2109 &#8211; 44x16x1,5"},"content":{"rendered":"<p>Nuestras cintas decorativas de alta calidad est\u00e1n dise\u00f1adas para agregar estilo y car\u00e1cter a tus proyectos y decoraciones.<\/p>\n","protected":false},"excerpt":{"rendered":"<p>Cintas decorativas de alta calidad para dar un toque especial a tus proyectos y regalos<\/p>\n","protected":false},"featured_media":10046,"comment_status":"open","ping_status":"closed","template":"","meta":[],"product_cat":[102],"product_tag":[],"class_list":{"0":"post-10635","1":"product","2":"type-product","3":"status-publish","4":"has-post-thumbnail","6":"product_cat-ribbons","8":"first","9":"instock","10":"shipping-taxable","11":"purchasable","12":"product-type-simple"},"yoast_head":"<!-- This site is optimized with the Yoast SEO plugin v26.1.1 - https:\/\/yoast.com\/wordpress\/plugins\/seo\/ -->\n<title>CINTA - 2109 - 44x16x1,5 - F. Jose Montesinos S.A.<\/title>\n<meta name=\"robots\" content=\"index, follow, max-snippet:-1, max-image-preview:large, max-video-preview:-1\" \/>\n<link rel=\"canonical\" href=\"https:\/\/montesinossa.com\/producto\/cinta-448\/\" \/>\n<meta property=\"og:locale\" content=\"en_US\" \/>\n<meta property=\"og:type\" content=\"article\" \/>\n<meta property=\"og:title\" content=\"CINTA - 2109 - 44x16x1,5 - F. Jose Montesinos S.A.\" \/>\n<meta property=\"og:description\" content=\"Cintas decorativas de alta calidad para dar un toque especial a tus proyectos y regalos\" \/>\n<meta property=\"og:url\" content=\"https:\/\/montesinossa.com\/producto\/cinta-448\/\" \/>\n<meta property=\"og:site_name\" content=\"F. Jose Montesinos S.A.\" \/>\n<meta property=\"article:modified_time\" content=\"2024-01-08T09:42:57+00:00\" \/>\n<meta property=\"og:image\" content=\"https:\/\/montesinossa.com\/wp-content\/uploads\/2023\/12\/image_0.35116800201327326373.jpg\" \/>\n\t<meta property=\"og:image:width\" content=\"557\" \/>\n\t<meta property=\"og:image:height\" content=\"129\" \/>\n\t<meta property=\"og:image:type\" content=\"image\/jpeg\" \/>\n<meta name=\"twitter:card\" content=\"summary_large_image\" \/>\n<script type=\"application\/ld+json\" class=\"yoast-schema-graph\">{\"@context\":\"https:\/\/schema.org\",\"@graph\":[{\"@type\":\"WebPage\",\"@id\":\"https:\/\/montesinossa.com\/producto\/cinta-448\/\",\"url\":\"https:\/\/montesinossa.com\/producto\/cinta-448\/\",\"name\":\"CINTA - 2109 - 44x16x1,5 - F. Jose Montesinos S.A.\",\"isPartOf\":{\"@id\":\"https:\/\/montesinossa.com\/en\/#website\"},\"primaryImageOfPage\":{\"@id\":\"https:\/\/montesinossa.com\/producto\/cinta-448\/#primaryimage\"},\"image\":{\"@id\":\"https:\/\/montesinossa.com\/producto\/cinta-448\/#primaryimage\"},\"thumbnailUrl\":\"https:\/\/montesinossa.com\/wp-content\/uploads\/2023\/12\/image_0.35116800201327326373.jpg\",\"datePublished\":\"2023-12-12T12:10:41+00:00\",\"dateModified\":\"2024-01-08T09:42:57+00:00\",\"breadcrumb\":{\"@id\":\"https:\/\/montesinossa.com\/producto\/cinta-448\/#breadcrumb\"},\"inLanguage\":\"en-US\",\"potentialAction\":[{\"@type\":\"ReadAction\",\"target\":[\"https:\/\/montesinossa.com\/producto\/cinta-448\/\"]}]},{\"@type\":\"ImageObject\",\"inLanguage\":\"en-US\",\"@id\":\"https:\/\/montesinossa.com\/producto\/cinta-448\/#primaryimage\",\"url\":\"https:\/\/montesinossa.com\/wp-content\/uploads\/2023\/12\/image_0.35116800201327326373.jpg\",\"contentUrl\":\"https:\/\/montesinossa.com\/wp-content\/uploads\/2023\/12\/image_0.35116800201327326373.jpg\",\"width\":557,\"height\":129},{\"@type\":\"BreadcrumbList\",\"@id\":\"https:\/\/montesinossa.com\/producto\/cinta-448\/#breadcrumb\",\"itemListElement\":[{\"@type\":\"ListItem\",\"position\":1,\"name\":\"Home\",\"item\":\"https:\/\/montesinossa.com\/en\/\"},{\"@type\":\"ListItem\",\"position\":2,\"name\":\"Products\",\"item\":\"https:\/\/montesinossa.com\/shop\/\"},{\"@type\":\"ListItem\",\"position\":3,\"name\":\"CINTA &#8211; 2109 &#8211; 44x16x1,5\"}]},{\"@type\":\"WebSite\",\"@id\":\"https:\/\/montesinossa.com\/en\/#website\",\"url\":\"https:\/\/montesinossa.com\/en\/\",\"name\":\"F. Jose Montesinos S.A.\",\"description\":\"Componentes met\u00e1licos decorativos\",\"potentialAction\":[{\"@type\":\"SearchAction\",\"target\":{\"@type\":\"EntryPoint\",\"urlTemplate\":\"https:\/\/montesinossa.com\/en\/?s={search_term_string}\"},\"query-input\":{\"@type\":\"PropertyValueSpecification\",\"valueRequired\":true,\"valueName\":\"search_term_string\"}}],\"inLanguage\":\"en-US\"}]}<\/script>\n<!-- \/ Yoast SEO plugin. -->","yoast_head_json":{"title":"CINTA - 2109 - 44x16x1,5 - F. Jose Montesinos S.A.","robots":{"index":"index","follow":"follow","max-snippet":"max-snippet:-1","max-image-preview":"max-image-preview:large","max-video-preview":"max-video-preview:-1"},"canonical":"https:\/\/montesinossa.com\/producto\/cinta-448\/","og_locale":"en_US","og_type":"article","og_title":"CINTA - 2109 - 44x16x1,5 - F. Jose Montesinos S.A.","og_description":"Cintas decorativas de alta calidad para dar un toque especial a tus proyectos y regalos","og_url":"https:\/\/montesinossa.com\/producto\/cinta-448\/","og_site_name":"F. Jose Montesinos S.A.","article_modified_time":"2024-01-08T09:42:57+00:00","og_image":[{"width":557,"height":129,"url":"https:\/\/montesinossa.com\/wp-content\/uploads\/2023\/12\/image_0.35116800201327326373.jpg","type":"image\/jpeg"}],"twitter_card":"summary_large_image","schema":{"@context":"https:\/\/schema.org","@graph":[{"@type":"WebPage","@id":"https:\/\/montesinossa.com\/producto\/cinta-448\/","url":"https:\/\/montesinossa.com\/producto\/cinta-448\/","name":"CINTA - 2109 - 44x16x1,5 - F. Jose Montesinos S.A.","isPartOf":{"@id":"https:\/\/montesinossa.com\/en\/#website"},"primaryImageOfPage":{"@id":"https:\/\/montesinossa.com\/producto\/cinta-448\/#primaryimage"},"image":{"@id":"https:\/\/montesinossa.com\/producto\/cinta-448\/#primaryimage"},"thumbnailUrl":"https:\/\/montesinossa.com\/wp-content\/uploads\/2023\/12\/image_0.35116800201327326373.jpg","datePublished":"2023-12-12T12:10:41+00:00","dateModified":"2024-01-08T09:42:57+00:00","breadcrumb":{"@id":"https:\/\/montesinossa.com\/producto\/cinta-448\/#breadcrumb"},"inLanguage":"en-US","potentialAction":[{"@type":"ReadAction","target":["https:\/\/montesinossa.com\/producto\/cinta-448\/"]}]},{"@type":"ImageObject","inLanguage":"en-US","@id":"https:\/\/montesinossa.com\/producto\/cinta-448\/#primaryimage","url":"https:\/\/montesinossa.com\/wp-content\/uploads\/2023\/12\/image_0.35116800201327326373.jpg","contentUrl":"https:\/\/montesinossa.com\/wp-content\/uploads\/2023\/12\/image_0.35116800201327326373.jpg","width":557,"height":129},{"@type":"BreadcrumbList","@id":"https:\/\/montesinossa.com\/producto\/cinta-448\/#breadcrumb","itemListElement":[{"@type":"ListItem","position":1,"name":"Home","item":"https:\/\/montesinossa.com\/en\/"},{"@type":"ListItem","position":2,"name":"Products","item":"https:\/\/montesinossa.com\/shop\/"},{"@type":"ListItem","position":3,"name":"CINTA &#8211; 2109 &#8211; 44x16x1,5"}]},{"@type":"WebSite","@id":"https:\/\/montesinossa.com\/en\/#website","url":"https:\/\/montesinossa.com\/en\/","name":"F. Jose Montesinos S.A.","description":"Componentes met\u00e1licos decorativos","potentialAction":[{"@type":"SearchAction","target":{"@type":"EntryPoint","urlTemplate":"https:\/\/montesinossa.com\/en\/?s={search_term_string}"},"query-input":{"@type":"PropertyValueSpecification","valueRequired":true,"valueName":"search_term_string"}}],"inLanguage":"en-US"}]}},"_links":{"self":[{"href":"https:\/\/montesinossa.com\/en\/wp-json\/wp\/v2\/product\/10635","targetHints":{"allow":["GET"]}}],"collection":[{"href":"https:\/\/montesinossa.com\/en\/wp-json\/wp\/v2\/product"}],"about":[{"href":"https:\/\/montesinossa.com\/en\/wp-json\/wp\/v2\/types\/product"}],"replies":[{"embeddable":true,"href":"https:\/\/montesinossa.com\/en\/wp-json\/wp\/v2\/comments?post=10635"}],"wp:featuredmedia":[{"embeddable":true,"href":"https:\/\/montesinossa.com\/en\/wp-json\/wp\/v2\/media\/10046"}],"wp:attachment":[{"href":"https:\/\/montesinossa.com\/en\/wp-json\/wp\/v2\/media?parent=10635"}],"wp:term":[{"taxonomy":"product_cat","embeddable":true,"href":"https:\/\/montesinossa.com\/en\/wp-json\/wp\/v2\/product_cat?post=10635"},{"taxonomy":"product_tag","embeddable":true,"href":"https:\/\/montesinossa.com\/en\/wp-json\/wp\/v2\/product_tag?post=10635"}],"curies":[{"name":"wp","href":"https:\/\/api.w.org\/{rel}","templated":true}]}}