{"id":11761,"date":"2024-03-26T12:28:18","date_gmt":"2024-03-26T12:28:18","guid":{"rendered":"https:\/\/montesinossa.com\/?post_type=product&#038;p=11761"},"modified":"2024-03-26T12:35:30","modified_gmt":"2024-03-26T12:35:30","slug":"cinta-2170-31x10x3","status":"publish","type":"product","link":"https:\/\/montesinossa.com\/en\/producto\/cinta-2170-31x10x3\/","title":{"rendered":"CINTA &#8211; 2170 31x10x3"},"content":{"rendered":"<p><img decoding=\"async\" class=\"lazyload alignnone size-medium wp-image-11762\" src=\"https:\/\/montesinossa.com\/wp-content\/uploads\/2024\/03\/2170-300x84.jpg\" data-orig-src=\"https:\/\/montesinossa.com\/wp-content\/uploads\/2024\/03\/2170-300x84.jpg\" alt=\"\" width=\"300\" height=\"84\" srcset=\"data:image\/svg+xml,%3Csvg%20xmlns%3D%27http%3A%2F%2Fwww.w3.org%2F2000%2Fsvg%27%20width%3D%27300%27%20height%3D%2784%27%20viewBox%3D%270%200%20300%2084%27%3E%3Crect%20width%3D%27300%27%20height%3D%2784%27%20fill-opacity%3D%220%22%2F%3E%3C%2Fsvg%3E\" data-srcset=\"https:\/\/montesinossa.com\/wp-content\/uploads\/2024\/03\/2170-64x18.jpg 64w, https:\/\/montesinossa.com\/wp-content\/uploads\/2024\/03\/2170-200x56.jpg 200w, https:\/\/montesinossa.com\/wp-content\/uploads\/2024\/03\/2170-300x84.jpg 300w, https:\/\/montesinossa.com\/wp-content\/uploads\/2024\/03\/2170-400x112.jpg 400w, https:\/\/montesinossa.com\/wp-content\/uploads\/2024\/03\/2170-500x140.jpg 500w, https:\/\/montesinossa.com\/wp-content\/uploads\/2024\/03\/2170-600x168.jpg 600w, https:\/\/montesinossa.com\/wp-content\/uploads\/2024\/03\/2170-700x195.jpg 700w, https:\/\/montesinossa.com\/wp-content\/uploads\/2024\/03\/2170.jpg 709w\" data-sizes=\"auto\" data-orig-sizes=\"(max-width: 300px) 100vw, 300px\" \/><\/p>\n<p>Nuestras cintas decorativas de alta calidad est\u00e1n dise\u00f1adas para agregar estilo y car\u00e1cter a tus proyectos y decoraciones.<\/p>\n","protected":false},"excerpt":{"rendered":"<p>Cintas decorativas de alta calidad para dar un toque especial a tus proyectos.<\/p>\n","protected":false},"featured_media":11762,"comment_status":"open","ping_status":"closed","template":"","meta":[],"product_cat":[45],"product_tag":[],"class_list":{"0":"post-11761","1":"product","2":"type-product","3":"status-publish","4":"has-post-thumbnail","6":"product_cat-cintas","8":"first","9":"instock","10":"shipping-taxable","11":"product-type-simple"},"yoast_head":"<!-- This site is optimized with the Yoast SEO plugin v26.1.1 - https:\/\/yoast.com\/wordpress\/plugins\/seo\/ -->\n<title>CINTA - 2170 31x10x3 - F. Jose Montesinos S.A.<\/title>\n<meta name=\"robots\" content=\"index, follow, max-snippet:-1, max-image-preview:large, max-video-preview:-1\" \/>\n<link rel=\"canonical\" href=\"https:\/\/montesinossa.com\/producto\/cinta-2170-31x10x3\/\" \/>\n<meta property=\"og:locale\" content=\"en_US\" \/>\n<meta property=\"og:type\" content=\"article\" \/>\n<meta property=\"og:title\" content=\"CINTA - 2170 31x10x3 - F. Jose Montesinos S.A.\" \/>\n<meta property=\"og:description\" content=\"Cintas decorativas de alta calidad para dar un toque especial a tus proyectos.\" \/>\n<meta property=\"og:url\" content=\"https:\/\/montesinossa.com\/producto\/cinta-2170-31x10x3\/\" \/>\n<meta property=\"og:site_name\" content=\"F. Jose Montesinos S.A.\" \/>\n<meta property=\"article:modified_time\" content=\"2024-03-26T12:35:30+00:00\" \/>\n<meta property=\"og:image\" content=\"https:\/\/montesinossa.com\/wp-content\/uploads\/2024\/03\/2170.jpg\" \/>\n\t<meta property=\"og:image:width\" content=\"709\" \/>\n\t<meta property=\"og:image:height\" content=\"198\" \/>\n\t<meta property=\"og:image:type\" content=\"image\/jpeg\" \/>\n<meta name=\"twitter:card\" content=\"summary_large_image\" \/>\n<script type=\"application\/ld+json\" class=\"yoast-schema-graph\">{\"@context\":\"https:\/\/schema.org\",\"@graph\":[{\"@type\":\"WebPage\",\"@id\":\"https:\/\/montesinossa.com\/producto\/cinta-2170-31x10x3\/\",\"url\":\"https:\/\/montesinossa.com\/producto\/cinta-2170-31x10x3\/\",\"name\":\"CINTA - 2170 31x10x3 - F. Jose Montesinos S.A.\",\"isPartOf\":{\"@id\":\"https:\/\/montesinossa.com\/en\/#website\"},\"primaryImageOfPage\":{\"@id\":\"https:\/\/montesinossa.com\/producto\/cinta-2170-31x10x3\/#primaryimage\"},\"image\":{\"@id\":\"https:\/\/montesinossa.com\/producto\/cinta-2170-31x10x3\/#primaryimage\"},\"thumbnailUrl\":\"https:\/\/montesinossa.com\/wp-content\/uploads\/2024\/03\/2170.jpg\",\"datePublished\":\"2024-03-26T12:28:18+00:00\",\"dateModified\":\"2024-03-26T12:35:30+00:00\",\"breadcrumb\":{\"@id\":\"https:\/\/montesinossa.com\/producto\/cinta-2170-31x10x3\/#breadcrumb\"},\"inLanguage\":\"en-US\",\"potentialAction\":[{\"@type\":\"ReadAction\",\"target\":[\"https:\/\/montesinossa.com\/producto\/cinta-2170-31x10x3\/\"]}]},{\"@type\":\"ImageObject\",\"inLanguage\":\"en-US\",\"@id\":\"https:\/\/montesinossa.com\/producto\/cinta-2170-31x10x3\/#primaryimage\",\"url\":\"https:\/\/montesinossa.com\/wp-content\/uploads\/2024\/03\/2170.jpg\",\"contentUrl\":\"https:\/\/montesinossa.com\/wp-content\/uploads\/2024\/03\/2170.jpg\",\"width\":709,\"height\":198},{\"@type\":\"BreadcrumbList\",\"@id\":\"https:\/\/montesinossa.com\/producto\/cinta-2170-31x10x3\/#breadcrumb\",\"itemListElement\":[{\"@type\":\"ListItem\",\"position\":1,\"name\":\"Home\",\"item\":\"https:\/\/montesinossa.com\/en\/\"},{\"@type\":\"ListItem\",\"position\":2,\"name\":\"Products\",\"item\":\"https:\/\/montesinossa.com\/shop\/\"},{\"@type\":\"ListItem\",\"position\":3,\"name\":\"CINTA &#8211; 2170 31x10x3\"}]},{\"@type\":\"WebSite\",\"@id\":\"https:\/\/montesinossa.com\/en\/#website\",\"url\":\"https:\/\/montesinossa.com\/en\/\",\"name\":\"F. Jose Montesinos S.A.\",\"description\":\"Componentes met\u00e1licos decorativos\",\"potentialAction\":[{\"@type\":\"SearchAction\",\"target\":{\"@type\":\"EntryPoint\",\"urlTemplate\":\"https:\/\/montesinossa.com\/en\/?s={search_term_string}\"},\"query-input\":{\"@type\":\"PropertyValueSpecification\",\"valueRequired\":true,\"valueName\":\"search_term_string\"}}],\"inLanguage\":\"en-US\"}]}<\/script>\n<!-- \/ Yoast SEO plugin. -->","yoast_head_json":{"title":"CINTA - 2170 31x10x3 - F. Jose Montesinos S.A.","robots":{"index":"index","follow":"follow","max-snippet":"max-snippet:-1","max-image-preview":"max-image-preview:large","max-video-preview":"max-video-preview:-1"},"canonical":"https:\/\/montesinossa.com\/producto\/cinta-2170-31x10x3\/","og_locale":"en_US","og_type":"article","og_title":"CINTA - 2170 31x10x3 - F. Jose Montesinos S.A.","og_description":"Cintas decorativas de alta calidad para dar un toque especial a tus proyectos.","og_url":"https:\/\/montesinossa.com\/producto\/cinta-2170-31x10x3\/","og_site_name":"F. Jose Montesinos S.A.","article_modified_time":"2024-03-26T12:35:30+00:00","og_image":[{"width":709,"height":198,"url":"https:\/\/montesinossa.com\/wp-content\/uploads\/2024\/03\/2170.jpg","type":"image\/jpeg"}],"twitter_card":"summary_large_image","schema":{"@context":"https:\/\/schema.org","@graph":[{"@type":"WebPage","@id":"https:\/\/montesinossa.com\/producto\/cinta-2170-31x10x3\/","url":"https:\/\/montesinossa.com\/producto\/cinta-2170-31x10x3\/","name":"CINTA - 2170 31x10x3 - F. Jose Montesinos S.A.","isPartOf":{"@id":"https:\/\/montesinossa.com\/en\/#website"},"primaryImageOfPage":{"@id":"https:\/\/montesinossa.com\/producto\/cinta-2170-31x10x3\/#primaryimage"},"image":{"@id":"https:\/\/montesinossa.com\/producto\/cinta-2170-31x10x3\/#primaryimage"},"thumbnailUrl":"https:\/\/montesinossa.com\/wp-content\/uploads\/2024\/03\/2170.jpg","datePublished":"2024-03-26T12:28:18+00:00","dateModified":"2024-03-26T12:35:30+00:00","breadcrumb":{"@id":"https:\/\/montesinossa.com\/producto\/cinta-2170-31x10x3\/#breadcrumb"},"inLanguage":"en-US","potentialAction":[{"@type":"ReadAction","target":["https:\/\/montesinossa.com\/producto\/cinta-2170-31x10x3\/"]}]},{"@type":"ImageObject","inLanguage":"en-US","@id":"https:\/\/montesinossa.com\/producto\/cinta-2170-31x10x3\/#primaryimage","url":"https:\/\/montesinossa.com\/wp-content\/uploads\/2024\/03\/2170.jpg","contentUrl":"https:\/\/montesinossa.com\/wp-content\/uploads\/2024\/03\/2170.jpg","width":709,"height":198},{"@type":"BreadcrumbList","@id":"https:\/\/montesinossa.com\/producto\/cinta-2170-31x10x3\/#breadcrumb","itemListElement":[{"@type":"ListItem","position":1,"name":"Home","item":"https:\/\/montesinossa.com\/en\/"},{"@type":"ListItem","position":2,"name":"Products","item":"https:\/\/montesinossa.com\/shop\/"},{"@type":"ListItem","position":3,"name":"CINTA &#8211; 2170 31x10x3"}]},{"@type":"WebSite","@id":"https:\/\/montesinossa.com\/en\/#website","url":"https:\/\/montesinossa.com\/en\/","name":"F. Jose Montesinos S.A.","description":"Componentes met\u00e1licos decorativos","potentialAction":[{"@type":"SearchAction","target":{"@type":"EntryPoint","urlTemplate":"https:\/\/montesinossa.com\/en\/?s={search_term_string}"},"query-input":{"@type":"PropertyValueSpecification","valueRequired":true,"valueName":"search_term_string"}}],"inLanguage":"en-US"}]}},"_links":{"self":[{"href":"https:\/\/montesinossa.com\/en\/wp-json\/wp\/v2\/product\/11761","targetHints":{"allow":["GET"]}}],"collection":[{"href":"https:\/\/montesinossa.com\/en\/wp-json\/wp\/v2\/product"}],"about":[{"href":"https:\/\/montesinossa.com\/en\/wp-json\/wp\/v2\/types\/product"}],"replies":[{"embeddable":true,"href":"https:\/\/montesinossa.com\/en\/wp-json\/wp\/v2\/comments?post=11761"}],"wp:featuredmedia":[{"embeddable":true,"href":"https:\/\/montesinossa.com\/en\/wp-json\/wp\/v2\/media\/11762"}],"wp:attachment":[{"href":"https:\/\/montesinossa.com\/en\/wp-json\/wp\/v2\/media?parent=11761"}],"wp:term":[{"taxonomy":"product_cat","embeddable":true,"href":"https:\/\/montesinossa.com\/en\/wp-json\/wp\/v2\/product_cat?post=11761"},{"taxonomy":"product_tag","embeddable":true,"href":"https:\/\/montesinossa.com\/en\/wp-json\/wp\/v2\/product_tag?post=11761"}],"curies":[{"name":"wp","href":"https:\/\/api.w.org\/{rel}","templated":true}]}}