{"id":11781,"date":"2024-03-27T09:48:31","date_gmt":"2024-03-27T09:48:31","guid":{"rendered":"https:\/\/montesinossa.com\/?post_type=product&#038;p=11781"},"modified":"2024-03-27T09:49:12","modified_gmt":"2024-03-27T09:49:12","slug":"adorno-e-1345-a-139x340","status":"publish","type":"product","link":"https:\/\/montesinossa.com\/en\/producto\/adorno-e-1345-a-139x340\/","title":{"rendered":"ADORNO &#8211; E-1345\/A 139&#215;340"},"content":{"rendered":"<p><img decoding=\"async\" class=\"lazyload alignnone size-medium wp-image-11782\" src=\"https:\/\/montesinossa.com\/wp-content\/uploads\/2024\/03\/1345-A-300x138.jpg\" data-orig-src=\"https:\/\/montesinossa.com\/wp-content\/uploads\/2024\/03\/1345-A-300x138.jpg\" alt=\"\" width=\"300\" height=\"138\" srcset=\"data:image\/svg+xml,%3Csvg%20xmlns%3D%27http%3A%2F%2Fwww.w3.org%2F2000%2Fsvg%27%20width%3D%27300%27%20height%3D%27138%27%20viewBox%3D%270%200%20300%20138%27%3E%3Crect%20width%3D%27300%27%20height%3D%27138%27%20fill-opacity%3D%220%22%2F%3E%3C%2Fsvg%3E\" data-srcset=\"https:\/\/montesinossa.com\/wp-content\/uploads\/2024\/03\/1345-A-64x29.jpg 64w, https:\/\/montesinossa.com\/wp-content\/uploads\/2024\/03\/1345-A-200x92.jpg 200w, https:\/\/montesinossa.com\/wp-content\/uploads\/2024\/03\/1345-A-300x138.jpg 300w, https:\/\/montesinossa.com\/wp-content\/uploads\/2024\/03\/1345-A-400x184.jpg 400w, https:\/\/montesinossa.com\/wp-content\/uploads\/2024\/03\/1345-A-500x230.jpg 500w, https:\/\/montesinossa.com\/wp-content\/uploads\/2024\/03\/1345-A-600x276.jpg 600w, https:\/\/montesinossa.com\/wp-content\/uploads\/2024\/03\/1345-A-700x322.jpg 700w, https:\/\/montesinossa.com\/wp-content\/uploads\/2024\/03\/1345-A-768x353.jpg 768w, https:\/\/montesinossa.com\/wp-content\/uploads\/2024\/03\/1345-A-800x368.jpg 800w, https:\/\/montesinossa.com\/wp-content\/uploads\/2024\/03\/1345-A-1024x471.jpg 1024w, https:\/\/montesinossa.com\/wp-content\/uploads\/2024\/03\/1345-A.jpg 1049w\" data-sizes=\"auto\" data-orig-sizes=\"(max-width: 300px) 100vw, 300px\" \/><\/p>\n<p>Descubre elementos decorativos que a\u00f1aden estilo y car\u00e1cter a tus espacios. Productos de calidad para expresar tu personalidad \u00fanica.<\/p>\n","protected":false},"excerpt":{"rendered":"<p>Dise\u00f1os decorativos \u00fanicos que agregan estilo y elegancia a cualquier espacio.<\/p>\n","protected":false},"featured_media":11782,"comment_status":"open","ping_status":"closed","template":"","meta":[],"product_cat":[46],"product_tag":[],"class_list":{"0":"post-11781","1":"product","2":"type-product","3":"status-publish","4":"has-post-thumbnail","6":"product_cat-adornos","8":"first","9":"instock","10":"shipping-taxable","11":"product-type-simple"},"yoast_head":"<!-- This site is optimized with the Yoast SEO plugin v26.1.1 - https:\/\/yoast.com\/wordpress\/plugins\/seo\/ -->\n<title>ADORNO - E-1345\/A 139x340 - F. Jose Montesinos S.A.<\/title>\n<meta name=\"robots\" content=\"index, follow, max-snippet:-1, max-image-preview:large, max-video-preview:-1\" \/>\n<link rel=\"canonical\" href=\"https:\/\/montesinossa.com\/producto\/adorno-e-1345-a-139x340\/\" \/>\n<meta property=\"og:locale\" content=\"en_US\" \/>\n<meta property=\"og:type\" content=\"article\" \/>\n<meta property=\"og:title\" content=\"ADORNO - E-1345\/A 139x340 - F. Jose Montesinos S.A.\" \/>\n<meta property=\"og:description\" content=\"Dise\u00f1os decorativos \u00fanicos que agregan estilo y elegancia a cualquier espacio.\" \/>\n<meta property=\"og:url\" content=\"https:\/\/montesinossa.com\/producto\/adorno-e-1345-a-139x340\/\" \/>\n<meta property=\"og:site_name\" content=\"F. Jose Montesinos S.A.\" \/>\n<meta property=\"article:modified_time\" content=\"2024-03-27T09:49:12+00:00\" \/>\n<meta property=\"og:image\" content=\"https:\/\/montesinossa.com\/wp-content\/uploads\/2024\/03\/1345-A.jpg\" \/>\n\t<meta property=\"og:image:width\" content=\"1049\" \/>\n\t<meta property=\"og:image:height\" content=\"482\" \/>\n\t<meta property=\"og:image:type\" content=\"image\/jpeg\" \/>\n<meta name=\"twitter:card\" content=\"summary_large_image\" \/>\n<script type=\"application\/ld+json\" class=\"yoast-schema-graph\">{\"@context\":\"https:\/\/schema.org\",\"@graph\":[{\"@type\":\"WebPage\",\"@id\":\"https:\/\/montesinossa.com\/producto\/adorno-e-1345-a-139x340\/\",\"url\":\"https:\/\/montesinossa.com\/producto\/adorno-e-1345-a-139x340\/\",\"name\":\"ADORNO - E-1345\/A 139x340 - F. Jose Montesinos S.A.\",\"isPartOf\":{\"@id\":\"https:\/\/montesinossa.com\/en\/#website\"},\"primaryImageOfPage\":{\"@id\":\"https:\/\/montesinossa.com\/producto\/adorno-e-1345-a-139x340\/#primaryimage\"},\"image\":{\"@id\":\"https:\/\/montesinossa.com\/producto\/adorno-e-1345-a-139x340\/#primaryimage\"},\"thumbnailUrl\":\"https:\/\/montesinossa.com\/wp-content\/uploads\/2024\/03\/1345-A.jpg\",\"datePublished\":\"2024-03-27T09:48:31+00:00\",\"dateModified\":\"2024-03-27T09:49:12+00:00\",\"breadcrumb\":{\"@id\":\"https:\/\/montesinossa.com\/producto\/adorno-e-1345-a-139x340\/#breadcrumb\"},\"inLanguage\":\"en-US\",\"potentialAction\":[{\"@type\":\"ReadAction\",\"target\":[\"https:\/\/montesinossa.com\/producto\/adorno-e-1345-a-139x340\/\"]}]},{\"@type\":\"ImageObject\",\"inLanguage\":\"en-US\",\"@id\":\"https:\/\/montesinossa.com\/producto\/adorno-e-1345-a-139x340\/#primaryimage\",\"url\":\"https:\/\/montesinossa.com\/wp-content\/uploads\/2024\/03\/1345-A.jpg\",\"contentUrl\":\"https:\/\/montesinossa.com\/wp-content\/uploads\/2024\/03\/1345-A.jpg\",\"width\":1049,\"height\":482},{\"@type\":\"BreadcrumbList\",\"@id\":\"https:\/\/montesinossa.com\/producto\/adorno-e-1345-a-139x340\/#breadcrumb\",\"itemListElement\":[{\"@type\":\"ListItem\",\"position\":1,\"name\":\"Home\",\"item\":\"https:\/\/montesinossa.com\/en\/\"},{\"@type\":\"ListItem\",\"position\":2,\"name\":\"Products\",\"item\":\"https:\/\/montesinossa.com\/shop\/\"},{\"@type\":\"ListItem\",\"position\":3,\"name\":\"ADORNO &#8211; E-1345\/A 139&#215;340\"}]},{\"@type\":\"WebSite\",\"@id\":\"https:\/\/montesinossa.com\/en\/#website\",\"url\":\"https:\/\/montesinossa.com\/en\/\",\"name\":\"F. Jose Montesinos S.A.\",\"description\":\"Componentes met\u00e1licos decorativos\",\"potentialAction\":[{\"@type\":\"SearchAction\",\"target\":{\"@type\":\"EntryPoint\",\"urlTemplate\":\"https:\/\/montesinossa.com\/en\/?s={search_term_string}\"},\"query-input\":{\"@type\":\"PropertyValueSpecification\",\"valueRequired\":true,\"valueName\":\"search_term_string\"}}],\"inLanguage\":\"en-US\"}]}<\/script>\n<!-- \/ Yoast SEO plugin. -->","yoast_head_json":{"title":"ADORNO - E-1345\/A 139x340 - F. Jose Montesinos S.A.","robots":{"index":"index","follow":"follow","max-snippet":"max-snippet:-1","max-image-preview":"max-image-preview:large","max-video-preview":"max-video-preview:-1"},"canonical":"https:\/\/montesinossa.com\/producto\/adorno-e-1345-a-139x340\/","og_locale":"en_US","og_type":"article","og_title":"ADORNO - E-1345\/A 139x340 - F. Jose Montesinos S.A.","og_description":"Dise\u00f1os decorativos \u00fanicos que agregan estilo y elegancia a cualquier espacio.","og_url":"https:\/\/montesinossa.com\/producto\/adorno-e-1345-a-139x340\/","og_site_name":"F. Jose Montesinos S.A.","article_modified_time":"2024-03-27T09:49:12+00:00","og_image":[{"width":1049,"height":482,"url":"https:\/\/montesinossa.com\/wp-content\/uploads\/2024\/03\/1345-A.jpg","type":"image\/jpeg"}],"twitter_card":"summary_large_image","schema":{"@context":"https:\/\/schema.org","@graph":[{"@type":"WebPage","@id":"https:\/\/montesinossa.com\/producto\/adorno-e-1345-a-139x340\/","url":"https:\/\/montesinossa.com\/producto\/adorno-e-1345-a-139x340\/","name":"ADORNO - E-1345\/A 139x340 - F. Jose Montesinos S.A.","isPartOf":{"@id":"https:\/\/montesinossa.com\/en\/#website"},"primaryImageOfPage":{"@id":"https:\/\/montesinossa.com\/producto\/adorno-e-1345-a-139x340\/#primaryimage"},"image":{"@id":"https:\/\/montesinossa.com\/producto\/adorno-e-1345-a-139x340\/#primaryimage"},"thumbnailUrl":"https:\/\/montesinossa.com\/wp-content\/uploads\/2024\/03\/1345-A.jpg","datePublished":"2024-03-27T09:48:31+00:00","dateModified":"2024-03-27T09:49:12+00:00","breadcrumb":{"@id":"https:\/\/montesinossa.com\/producto\/adorno-e-1345-a-139x340\/#breadcrumb"},"inLanguage":"en-US","potentialAction":[{"@type":"ReadAction","target":["https:\/\/montesinossa.com\/producto\/adorno-e-1345-a-139x340\/"]}]},{"@type":"ImageObject","inLanguage":"en-US","@id":"https:\/\/montesinossa.com\/producto\/adorno-e-1345-a-139x340\/#primaryimage","url":"https:\/\/montesinossa.com\/wp-content\/uploads\/2024\/03\/1345-A.jpg","contentUrl":"https:\/\/montesinossa.com\/wp-content\/uploads\/2024\/03\/1345-A.jpg","width":1049,"height":482},{"@type":"BreadcrumbList","@id":"https:\/\/montesinossa.com\/producto\/adorno-e-1345-a-139x340\/#breadcrumb","itemListElement":[{"@type":"ListItem","position":1,"name":"Home","item":"https:\/\/montesinossa.com\/en\/"},{"@type":"ListItem","position":2,"name":"Products","item":"https:\/\/montesinossa.com\/shop\/"},{"@type":"ListItem","position":3,"name":"ADORNO &#8211; E-1345\/A 139&#215;340"}]},{"@type":"WebSite","@id":"https:\/\/montesinossa.com\/en\/#website","url":"https:\/\/montesinossa.com\/en\/","name":"F. Jose Montesinos S.A.","description":"Componentes met\u00e1licos decorativos","potentialAction":[{"@type":"SearchAction","target":{"@type":"EntryPoint","urlTemplate":"https:\/\/montesinossa.com\/en\/?s={search_term_string}"},"query-input":{"@type":"PropertyValueSpecification","valueRequired":true,"valueName":"search_term_string"}}],"inLanguage":"en-US"}]}},"_links":{"self":[{"href":"https:\/\/montesinossa.com\/en\/wp-json\/wp\/v2\/product\/11781","targetHints":{"allow":["GET"]}}],"collection":[{"href":"https:\/\/montesinossa.com\/en\/wp-json\/wp\/v2\/product"}],"about":[{"href":"https:\/\/montesinossa.com\/en\/wp-json\/wp\/v2\/types\/product"}],"replies":[{"embeddable":true,"href":"https:\/\/montesinossa.com\/en\/wp-json\/wp\/v2\/comments?post=11781"}],"wp:featuredmedia":[{"embeddable":true,"href":"https:\/\/montesinossa.com\/en\/wp-json\/wp\/v2\/media\/11782"}],"wp:attachment":[{"href":"https:\/\/montesinossa.com\/en\/wp-json\/wp\/v2\/media?parent=11781"}],"wp:term":[{"taxonomy":"product_cat","embeddable":true,"href":"https:\/\/montesinossa.com\/en\/wp-json\/wp\/v2\/product_cat?post=11781"},{"taxonomy":"product_tag","embeddable":true,"href":"https:\/\/montesinossa.com\/en\/wp-json\/wp\/v2\/product_tag?post=11781"}],"curies":[{"name":"wp","href":"https:\/\/api.w.org\/{rel}","templated":true}]}}