{"id":11850,"date":"2024-05-22T10:42:22","date_gmt":"2024-05-22T10:42:22","guid":{"rendered":"https:\/\/montesinossa.com\/?post_type=product&#038;p=11850"},"modified":"2024-05-22T10:44:12","modified_gmt":"2024-05-22T10:44:12","slug":"farol-6-con-tirantes-decorados","status":"publish","type":"product","link":"https:\/\/montesinossa.com\/en\/producto\/farol-6-con-tirantes-decorados\/","title":{"rendered":"Farol 6 con tirantes decorados"},"content":{"rendered":"<p>Explora nuestra selecta colecci\u00f3n de faroles de lat\u00f3n, creados especialmente para embellecer cualquier ambiente. Nuestros faroles de lat\u00f3n de primera calidad son la opci\u00f3n ideal para aportar un aire de elegancia y distinci\u00f3n a tus espacios.<\/p>\n","protected":false},"excerpt":{"rendered":"<p>Elegantes faroles de lat\u00f3n, ideales para decorar y crear una atm\u00f3sfera c\u00e1lida.<\/p>\n","protected":false},"featured_media":11851,"comment_status":"open","ping_status":"closed","template":"","meta":[],"product_cat":[139],"product_tag":[],"class_list":{"0":"post-11850","1":"product","2":"type-product","3":"status-publish","4":"has-post-thumbnail","6":"product_cat-faroles","8":"first","9":"instock","10":"shipping-taxable","11":"product-type-simple"},"yoast_head":"<!-- This site is optimized with the Yoast SEO plugin v26.1.1 - https:\/\/yoast.com\/wordpress\/plugins\/seo\/ -->\n<title>Farol 6 con tirantes decorados - F. Jose Montesinos S.A.<\/title>\n<meta name=\"robots\" content=\"index, follow, max-snippet:-1, max-image-preview:large, max-video-preview:-1\" \/>\n<link rel=\"canonical\" href=\"https:\/\/montesinossa.com\/producto\/farol-6-con-tirantes-decorados\/\" \/>\n<meta property=\"og:locale\" content=\"en_US\" \/>\n<meta property=\"og:type\" content=\"article\" \/>\n<meta property=\"og:title\" content=\"Farol 6 con tirantes decorados - F. Jose Montesinos S.A.\" \/>\n<meta property=\"og:description\" content=\"Elegantes faroles de lat\u00f3n, ideales para decorar y crear una atm\u00f3sfera c\u00e1lida.\" \/>\n<meta property=\"og:url\" content=\"https:\/\/montesinossa.com\/producto\/farol-6-con-tirantes-decorados\/\" \/>\n<meta property=\"og:site_name\" content=\"F. Jose Montesinos S.A.\" \/>\n<meta property=\"article:modified_time\" content=\"2024-05-22T10:44:12+00:00\" \/>\n<meta property=\"og:image\" content=\"https:\/\/montesinossa.com\/wp-content\/uploads\/2024\/05\/20230703_092920-scaled-e1716374472111.jpg\" \/>\n\t<meta property=\"og:image:width\" content=\"1920\" \/>\n\t<meta property=\"og:image:height\" content=\"2560\" \/>\n\t<meta property=\"og:image:type\" content=\"image\/jpeg\" \/>\n<meta name=\"twitter:card\" content=\"summary_large_image\" \/>\n<script type=\"application\/ld+json\" class=\"yoast-schema-graph\">{\"@context\":\"https:\/\/schema.org\",\"@graph\":[{\"@type\":\"WebPage\",\"@id\":\"https:\/\/montesinossa.com\/producto\/farol-6-con-tirantes-decorados\/\",\"url\":\"https:\/\/montesinossa.com\/producto\/farol-6-con-tirantes-decorados\/\",\"name\":\"Farol 6 con tirantes decorados - F. Jose Montesinos S.A.\",\"isPartOf\":{\"@id\":\"https:\/\/montesinossa.com\/en\/#website\"},\"primaryImageOfPage\":{\"@id\":\"https:\/\/montesinossa.com\/producto\/farol-6-con-tirantes-decorados\/#primaryimage\"},\"image\":{\"@id\":\"https:\/\/montesinossa.com\/producto\/farol-6-con-tirantes-decorados\/#primaryimage\"},\"thumbnailUrl\":\"https:\/\/montesinossa.com\/wp-content\/uploads\/2024\/05\/20230703_092920-scaled-e1716374472111.jpg\",\"datePublished\":\"2024-05-22T10:42:22+00:00\",\"dateModified\":\"2024-05-22T10:44:12+00:00\",\"breadcrumb\":{\"@id\":\"https:\/\/montesinossa.com\/producto\/farol-6-con-tirantes-decorados\/#breadcrumb\"},\"inLanguage\":\"en-US\",\"potentialAction\":[{\"@type\":\"ReadAction\",\"target\":[\"https:\/\/montesinossa.com\/producto\/farol-6-con-tirantes-decorados\/\"]}]},{\"@type\":\"ImageObject\",\"inLanguage\":\"en-US\",\"@id\":\"https:\/\/montesinossa.com\/producto\/farol-6-con-tirantes-decorados\/#primaryimage\",\"url\":\"https:\/\/montesinossa.com\/wp-content\/uploads\/2024\/05\/20230703_092920-scaled-e1716374472111.jpg\",\"contentUrl\":\"https:\/\/montesinossa.com\/wp-content\/uploads\/2024\/05\/20230703_092920-scaled-e1716374472111.jpg\",\"width\":1920,\"height\":2560},{\"@type\":\"BreadcrumbList\",\"@id\":\"https:\/\/montesinossa.com\/producto\/farol-6-con-tirantes-decorados\/#breadcrumb\",\"itemListElement\":[{\"@type\":\"ListItem\",\"position\":1,\"name\":\"Home\",\"item\":\"https:\/\/montesinossa.com\/en\/\"},{\"@type\":\"ListItem\",\"position\":2,\"name\":\"Products\",\"item\":\"https:\/\/montesinossa.com\/shop\/\"},{\"@type\":\"ListItem\",\"position\":3,\"name\":\"Farol 6 con tirantes decorados\"}]},{\"@type\":\"WebSite\",\"@id\":\"https:\/\/montesinossa.com\/en\/#website\",\"url\":\"https:\/\/montesinossa.com\/en\/\",\"name\":\"F. Jose Montesinos S.A.\",\"description\":\"Componentes met\u00e1licos decorativos\",\"potentialAction\":[{\"@type\":\"SearchAction\",\"target\":{\"@type\":\"EntryPoint\",\"urlTemplate\":\"https:\/\/montesinossa.com\/en\/?s={search_term_string}\"},\"query-input\":{\"@type\":\"PropertyValueSpecification\",\"valueRequired\":true,\"valueName\":\"search_term_string\"}}],\"inLanguage\":\"en-US\"}]}<\/script>\n<!-- \/ Yoast SEO plugin. -->","yoast_head_json":{"title":"Farol 6 con tirantes decorados - F. Jose Montesinos S.A.","robots":{"index":"index","follow":"follow","max-snippet":"max-snippet:-1","max-image-preview":"max-image-preview:large","max-video-preview":"max-video-preview:-1"},"canonical":"https:\/\/montesinossa.com\/producto\/farol-6-con-tirantes-decorados\/","og_locale":"en_US","og_type":"article","og_title":"Farol 6 con tirantes decorados - F. Jose Montesinos S.A.","og_description":"Elegantes faroles de lat\u00f3n, ideales para decorar y crear una atm\u00f3sfera c\u00e1lida.","og_url":"https:\/\/montesinossa.com\/producto\/farol-6-con-tirantes-decorados\/","og_site_name":"F. Jose Montesinos S.A.","article_modified_time":"2024-05-22T10:44:12+00:00","og_image":[{"width":1920,"height":2560,"url":"https:\/\/montesinossa.com\/wp-content\/uploads\/2024\/05\/20230703_092920-scaled-e1716374472111.jpg","type":"image\/jpeg"}],"twitter_card":"summary_large_image","schema":{"@context":"https:\/\/schema.org","@graph":[{"@type":"WebPage","@id":"https:\/\/montesinossa.com\/producto\/farol-6-con-tirantes-decorados\/","url":"https:\/\/montesinossa.com\/producto\/farol-6-con-tirantes-decorados\/","name":"Farol 6 con tirantes decorados - F. Jose Montesinos S.A.","isPartOf":{"@id":"https:\/\/montesinossa.com\/en\/#website"},"primaryImageOfPage":{"@id":"https:\/\/montesinossa.com\/producto\/farol-6-con-tirantes-decorados\/#primaryimage"},"image":{"@id":"https:\/\/montesinossa.com\/producto\/farol-6-con-tirantes-decorados\/#primaryimage"},"thumbnailUrl":"https:\/\/montesinossa.com\/wp-content\/uploads\/2024\/05\/20230703_092920-scaled-e1716374472111.jpg","datePublished":"2024-05-22T10:42:22+00:00","dateModified":"2024-05-22T10:44:12+00:00","breadcrumb":{"@id":"https:\/\/montesinossa.com\/producto\/farol-6-con-tirantes-decorados\/#breadcrumb"},"inLanguage":"en-US","potentialAction":[{"@type":"ReadAction","target":["https:\/\/montesinossa.com\/producto\/farol-6-con-tirantes-decorados\/"]}]},{"@type":"ImageObject","inLanguage":"en-US","@id":"https:\/\/montesinossa.com\/producto\/farol-6-con-tirantes-decorados\/#primaryimage","url":"https:\/\/montesinossa.com\/wp-content\/uploads\/2024\/05\/20230703_092920-scaled-e1716374472111.jpg","contentUrl":"https:\/\/montesinossa.com\/wp-content\/uploads\/2024\/05\/20230703_092920-scaled-e1716374472111.jpg","width":1920,"height":2560},{"@type":"BreadcrumbList","@id":"https:\/\/montesinossa.com\/producto\/farol-6-con-tirantes-decorados\/#breadcrumb","itemListElement":[{"@type":"ListItem","position":1,"name":"Home","item":"https:\/\/montesinossa.com\/en\/"},{"@type":"ListItem","position":2,"name":"Products","item":"https:\/\/montesinossa.com\/shop\/"},{"@type":"ListItem","position":3,"name":"Farol 6 con tirantes decorados"}]},{"@type":"WebSite","@id":"https:\/\/montesinossa.com\/en\/#website","url":"https:\/\/montesinossa.com\/en\/","name":"F. Jose Montesinos S.A.","description":"Componentes met\u00e1licos decorativos","potentialAction":[{"@type":"SearchAction","target":{"@type":"EntryPoint","urlTemplate":"https:\/\/montesinossa.com\/en\/?s={search_term_string}"},"query-input":{"@type":"PropertyValueSpecification","valueRequired":true,"valueName":"search_term_string"}}],"inLanguage":"en-US"}]}},"_links":{"self":[{"href":"https:\/\/montesinossa.com\/en\/wp-json\/wp\/v2\/product\/11850","targetHints":{"allow":["GET"]}}],"collection":[{"href":"https:\/\/montesinossa.com\/en\/wp-json\/wp\/v2\/product"}],"about":[{"href":"https:\/\/montesinossa.com\/en\/wp-json\/wp\/v2\/types\/product"}],"replies":[{"embeddable":true,"href":"https:\/\/montesinossa.com\/en\/wp-json\/wp\/v2\/comments?post=11850"}],"wp:featuredmedia":[{"embeddable":true,"href":"https:\/\/montesinossa.com\/en\/wp-json\/wp\/v2\/media\/11851"}],"wp:attachment":[{"href":"https:\/\/montesinossa.com\/en\/wp-json\/wp\/v2\/media?parent=11850"}],"wp:term":[{"taxonomy":"product_cat","embeddable":true,"href":"https:\/\/montesinossa.com\/en\/wp-json\/wp\/v2\/product_cat?post=11850"},{"taxonomy":"product_tag","embeddable":true,"href":"https:\/\/montesinossa.com\/en\/wp-json\/wp\/v2\/product_tag?post=11850"}],"curies":[{"name":"wp","href":"https:\/\/api.w.org\/{rel}","templated":true}]}}