{"id":6158,"date":"2023-12-12T16:00:45","date_gmt":"2023-12-12T16:00:45","guid":{"rendered":"https:\/\/montesinossa.com\/?post_type=product&#038;p=6158"},"modified":"2024-01-10T10:21:27","modified_gmt":"2024-01-10T10:21:27","slug":"tubo-15","status":"publish","type":"product","link":"https:\/\/montesinossa.com\/en\/producto\/tubo-15\/","title":{"rendered":"TUBO &#8211; 18"},"content":{"rendered":"<p>Descubre nuestra exclusiva colecci\u00f3n de tubos de lat\u00f3n dise\u00f1ados especialmente para proyectos de decoraci\u00f3n. Nuestros tubos de lat\u00f3n de alta calidad son la elecci\u00f3n perfecta para a\u00f1adir un toque de elegancia y sofisticaci\u00f3n a tus espacios. <\/p>\n","protected":false},"excerpt":{"rendered":"<p>Tubos de lat\u00f3n de calidad premium para a\u00f1adir un toque de elegancia a tu decoraci\u00f3n.<\/p>\n","protected":false},"featured_media":8109,"comment_status":"open","ping_status":"closed","template":"","meta":[],"product_cat":[38],"product_tag":[80,79,77,82,78,83,76,81],"class_list":{"0":"post-6158","1":"product","2":"type-product","3":"status-publish","4":"has-post-thumbnail","6":"product_cat-tubos","7":"product_tag-decoracion-con-tubos-de-laton","8":"product_tag-elegancia-en-laton","9":"product_tag-elementos-decorativos-de-laton","10":"product_tag-sofisticacion-en-tubos-de-laton","11":"product_tag-tubos-de-laton-de-calidad","12":"product_tag-tubos-de-laton-para-barandillas","13":"product_tag-tubos-de-laton-para-decoracion","14":"product_tag-tubos-de-laton-para-diseno-interior","16":"first","17":"instock","18":"shipping-taxable","19":"purchasable","20":"product-type-simple"},"yoast_head":"<!-- This site is optimized with the Yoast SEO plugin v26.1.1 - https:\/\/yoast.com\/wordpress\/plugins\/seo\/ -->\n<title>TUBO - 18 - F. Jose Montesinos S.A.<\/title>\n<meta name=\"robots\" content=\"index, follow, max-snippet:-1, max-image-preview:large, max-video-preview:-1\" \/>\n<link rel=\"canonical\" href=\"https:\/\/montesinossa.com\/producto\/tubo-15\/\" \/>\n<meta property=\"og:locale\" content=\"en_US\" \/>\n<meta property=\"og:type\" content=\"article\" \/>\n<meta property=\"og:title\" content=\"TUBO - 18 - F. Jose Montesinos S.A.\" \/>\n<meta property=\"og:description\" content=\"Tubos de lat\u00f3n de calidad premium para a\u00f1adir un toque de elegancia a tu decoraci\u00f3n.\" \/>\n<meta property=\"og:url\" content=\"https:\/\/montesinossa.com\/producto\/tubo-15\/\" \/>\n<meta property=\"og:site_name\" content=\"F. Jose Montesinos S.A.\" \/>\n<meta property=\"article:modified_time\" content=\"2024-01-10T10:21:27+00:00\" \/>\n<meta property=\"og:image\" content=\"https:\/\/montesinossa.com\/wp-content\/uploads\/2023\/12\/image_0.91094800201326293486.jpg\" \/>\n\t<meta property=\"og:image:width\" content=\"1170\" \/>\n\t<meta property=\"og:image:height\" content=\"184\" \/>\n\t<meta property=\"og:image:type\" content=\"image\/jpeg\" \/>\n<meta name=\"twitter:card\" content=\"summary_large_image\" \/>\n<script type=\"application\/ld+json\" class=\"yoast-schema-graph\">{\"@context\":\"https:\/\/schema.org\",\"@graph\":[{\"@type\":\"WebPage\",\"@id\":\"https:\/\/montesinossa.com\/producto\/tubo-15\/\",\"url\":\"https:\/\/montesinossa.com\/producto\/tubo-15\/\",\"name\":\"TUBO - 18 - F. Jose Montesinos S.A.\",\"isPartOf\":{\"@id\":\"https:\/\/montesinossa.com\/en\/#website\"},\"primaryImageOfPage\":{\"@id\":\"https:\/\/montesinossa.com\/producto\/tubo-15\/#primaryimage\"},\"image\":{\"@id\":\"https:\/\/montesinossa.com\/producto\/tubo-15\/#primaryimage\"},\"thumbnailUrl\":\"https:\/\/montesinossa.com\/wp-content\/uploads\/2023\/12\/image_0.91094800201326293486.jpg\",\"datePublished\":\"2023-12-12T16:00:45+00:00\",\"dateModified\":\"2024-01-10T10:21:27+00:00\",\"breadcrumb\":{\"@id\":\"https:\/\/montesinossa.com\/producto\/tubo-15\/#breadcrumb\"},\"inLanguage\":\"en-US\",\"potentialAction\":[{\"@type\":\"ReadAction\",\"target\":[\"https:\/\/montesinossa.com\/producto\/tubo-15\/\"]}]},{\"@type\":\"ImageObject\",\"inLanguage\":\"en-US\",\"@id\":\"https:\/\/montesinossa.com\/producto\/tubo-15\/#primaryimage\",\"url\":\"https:\/\/montesinossa.com\/wp-content\/uploads\/2023\/12\/image_0.91094800201326293486.jpg\",\"contentUrl\":\"https:\/\/montesinossa.com\/wp-content\/uploads\/2023\/12\/image_0.91094800201326293486.jpg\",\"width\":1170,\"height\":184},{\"@type\":\"BreadcrumbList\",\"@id\":\"https:\/\/montesinossa.com\/producto\/tubo-15\/#breadcrumb\",\"itemListElement\":[{\"@type\":\"ListItem\",\"position\":1,\"name\":\"Home\",\"item\":\"https:\/\/montesinossa.com\/en\/\"},{\"@type\":\"ListItem\",\"position\":2,\"name\":\"Products\",\"item\":\"https:\/\/montesinossa.com\/shop\/\"},{\"@type\":\"ListItem\",\"position\":3,\"name\":\"TUBO &#8211; 18\"}]},{\"@type\":\"WebSite\",\"@id\":\"https:\/\/montesinossa.com\/en\/#website\",\"url\":\"https:\/\/montesinossa.com\/en\/\",\"name\":\"F. Jose Montesinos S.A.\",\"description\":\"Componentes met\u00e1licos decorativos\",\"potentialAction\":[{\"@type\":\"SearchAction\",\"target\":{\"@type\":\"EntryPoint\",\"urlTemplate\":\"https:\/\/montesinossa.com\/en\/?s={search_term_string}\"},\"query-input\":{\"@type\":\"PropertyValueSpecification\",\"valueRequired\":true,\"valueName\":\"search_term_string\"}}],\"inLanguage\":\"en-US\"}]}<\/script>\n<!-- \/ Yoast SEO plugin. -->","yoast_head_json":{"title":"TUBO - 18 - F. Jose Montesinos S.A.","robots":{"index":"index","follow":"follow","max-snippet":"max-snippet:-1","max-image-preview":"max-image-preview:large","max-video-preview":"max-video-preview:-1"},"canonical":"https:\/\/montesinossa.com\/producto\/tubo-15\/","og_locale":"en_US","og_type":"article","og_title":"TUBO - 18 - F. Jose Montesinos S.A.","og_description":"Tubos de lat\u00f3n de calidad premium para a\u00f1adir un toque de elegancia a tu decoraci\u00f3n.","og_url":"https:\/\/montesinossa.com\/producto\/tubo-15\/","og_site_name":"F. Jose Montesinos S.A.","article_modified_time":"2024-01-10T10:21:27+00:00","og_image":[{"width":1170,"height":184,"url":"https:\/\/montesinossa.com\/wp-content\/uploads\/2023\/12\/image_0.91094800201326293486.jpg","type":"image\/jpeg"}],"twitter_card":"summary_large_image","schema":{"@context":"https:\/\/schema.org","@graph":[{"@type":"WebPage","@id":"https:\/\/montesinossa.com\/producto\/tubo-15\/","url":"https:\/\/montesinossa.com\/producto\/tubo-15\/","name":"TUBO - 18 - F. Jose Montesinos S.A.","isPartOf":{"@id":"https:\/\/montesinossa.com\/en\/#website"},"primaryImageOfPage":{"@id":"https:\/\/montesinossa.com\/producto\/tubo-15\/#primaryimage"},"image":{"@id":"https:\/\/montesinossa.com\/producto\/tubo-15\/#primaryimage"},"thumbnailUrl":"https:\/\/montesinossa.com\/wp-content\/uploads\/2023\/12\/image_0.91094800201326293486.jpg","datePublished":"2023-12-12T16:00:45+00:00","dateModified":"2024-01-10T10:21:27+00:00","breadcrumb":{"@id":"https:\/\/montesinossa.com\/producto\/tubo-15\/#breadcrumb"},"inLanguage":"en-US","potentialAction":[{"@type":"ReadAction","target":["https:\/\/montesinossa.com\/producto\/tubo-15\/"]}]},{"@type":"ImageObject","inLanguage":"en-US","@id":"https:\/\/montesinossa.com\/producto\/tubo-15\/#primaryimage","url":"https:\/\/montesinossa.com\/wp-content\/uploads\/2023\/12\/image_0.91094800201326293486.jpg","contentUrl":"https:\/\/montesinossa.com\/wp-content\/uploads\/2023\/12\/image_0.91094800201326293486.jpg","width":1170,"height":184},{"@type":"BreadcrumbList","@id":"https:\/\/montesinossa.com\/producto\/tubo-15\/#breadcrumb","itemListElement":[{"@type":"ListItem","position":1,"name":"Home","item":"https:\/\/montesinossa.com\/en\/"},{"@type":"ListItem","position":2,"name":"Products","item":"https:\/\/montesinossa.com\/shop\/"},{"@type":"ListItem","position":3,"name":"TUBO &#8211; 18"}]},{"@type":"WebSite","@id":"https:\/\/montesinossa.com\/en\/#website","url":"https:\/\/montesinossa.com\/en\/","name":"F. Jose Montesinos S.A.","description":"Componentes met\u00e1licos decorativos","potentialAction":[{"@type":"SearchAction","target":{"@type":"EntryPoint","urlTemplate":"https:\/\/montesinossa.com\/en\/?s={search_term_string}"},"query-input":{"@type":"PropertyValueSpecification","valueRequired":true,"valueName":"search_term_string"}}],"inLanguage":"en-US"}]}},"_links":{"self":[{"href":"https:\/\/montesinossa.com\/en\/wp-json\/wp\/v2\/product\/6158","targetHints":{"allow":["GET"]}}],"collection":[{"href":"https:\/\/montesinossa.com\/en\/wp-json\/wp\/v2\/product"}],"about":[{"href":"https:\/\/montesinossa.com\/en\/wp-json\/wp\/v2\/types\/product"}],"replies":[{"embeddable":true,"href":"https:\/\/montesinossa.com\/en\/wp-json\/wp\/v2\/comments?post=6158"}],"wp:featuredmedia":[{"embeddable":true,"href":"https:\/\/montesinossa.com\/en\/wp-json\/wp\/v2\/media\/8109"}],"wp:attachment":[{"href":"https:\/\/montesinossa.com\/en\/wp-json\/wp\/v2\/media?parent=6158"}],"wp:term":[{"taxonomy":"product_cat","embeddable":true,"href":"https:\/\/montesinossa.com\/en\/wp-json\/wp\/v2\/product_cat?post=6158"},{"taxonomy":"product_tag","embeddable":true,"href":"https:\/\/montesinossa.com\/en\/wp-json\/wp\/v2\/product_tag?post=6158"}],"curies":[{"name":"wp","href":"https:\/\/api.w.org\/{rel}","templated":true}]}}